{"id":129,"date":"2024-04-26T08:28:17","date_gmt":"2024-04-26T08:28:17","guid":{"rendered":"https:\/\/sktperfectdemo.com\/demos\/it-solutions\/?page_id=129"},"modified":"2025-09-07T17:42:04","modified_gmt":"2025-09-07T17:42:04","slug":"rtl-tested","status":"publish","type":"page","link":"https:\/\/norbedo.de\/index.php\/rtl-tested\/","title":{"rendered":"\u00dcber Uns"},"content":{"rendered":"\n<div dir=\"ltr\">\n<p>Die Norbedo GmbH wurde 1992 gegr\u00fcndet und hat sich seitdem als zuverl\u00e4ssiger IT-Partner f\u00fcr Unternehmen und Privatkunden etabliert. Als kleines, hochspezialisiertes Team verbinden wir pers\u00f6nliche Betreuung mit tiefgehendem Fachwissen und langj\u00e4hriger Erfahrung.<\/p>\n<p>Unsere Mitarbeiter verf\u00fcgen \u00fcber zahlreiche internationale Zertifizierungen \u2013 darunter CISSP, CEH, Microsoft, Cisco und Linux \u2013 und bringen ihr fundiertes Know-how t\u00e4glich in Projekte ein. So stellen wir sicher, dass unsere Kunden stets auf aktuelles Expertenwissen zur\u00fcckgreifen k\u00f6nnen.<\/p>\n<p>Mit mehr als drei Jahrzehnten Erfahrung in den Bereichen Server- und Netzwerkinfrastruktur, IT-Security, Consulting und IT-Services unterst\u00fctzen wir sowohl kleine und mittelst\u00e4ndische Unternehmen als auch internationale Konzerne. Dabei legen wir besonderen Wert auf Zuverl\u00e4ssigkeit, Sicherheit und praxisnahe L\u00f6sungen, die sich an den individuellen Anforderungen unserer Kunden orientieren.<\/p>\n<p>Unser Anspruch ist es, technische Exzellenz mit partnerschaftlicher Zusammenarbeit zu verbinden \u2013 immer mit dem Ziel, f\u00fcr unsere Kunden die bestm\u00f6gliche L\u00f6sung zu entwickeln.<\/p>\n<p>Vielleicht d\u00fcrfen wir auch Sie bald zu unseren zufriedenen Kunden z\u00e4hlen.<\/p>\n<\/div>\n","protected":false},"excerpt":{"rendered":"<p>Die Norbedo GmbH wurde 1992 gegr\u00fcndet und hat sich seitdem als zuverl\u00e4ssiger IT-Partner f\u00fcr Unternehmen und Privatkunden etabliert. Als kleines, hochspezialisiertes Team verbinden wir pers\u00f6nliche Betreuung mit tiefgehendem Fachwissen und langj\u00e4hriger Erfahrung. Unsere Mitarbeiter verf\u00fcgen \u00fcber zahlreiche internationale Zertifizierungen \u2013 darunter CISSP, CEH, Microsoft, Cisco und Linux \u2013 und bringen ihr fundiertes Know-how t\u00e4glich in<br \/><a class=\"moretag\" href=\"https:\/\/norbedo.de\/index.php\/rtl-tested\/\">+ Read More<\/a><\/p>\n","protected":false},"author":1,"featured_media":364,"parent":0,"menu_order":0,"comment_status":"closed","ping_status":"closed","template":"templates\/page-fullwidth_template.php","meta":{"footnotes":""},"class_list":["post-129","page","type-page","status-publish","has-post-thumbnail","hentry"],"yoast_head":"<!-- This site is optimized with the Yoast SEO plugin v27.0 - https:\/\/yoast.com\/product\/yoast-seo-wordpress\/ -->\n<title>\u00dcber Uns - Norbedo GmbH<\/title>\n<meta name=\"robots\" content=\"index, follow, max-snippet:-1, max-image-preview:large, max-video-preview:-1\" \/>\n<link rel=\"canonical\" href=\"https:\/\/norbedo.de\/wordpress\/index.php\/rtl-tested\/\" \/>\n<meta property=\"og:locale\" content=\"de_DE\" \/>\n<meta property=\"og:type\" content=\"article\" \/>\n<meta property=\"og:title\" content=\"\u00dcber Uns - Norbedo GmbH\" \/>\n<meta property=\"og:description\" content=\"Die Norbedo GmbH wurde 1992 gegr\u00fcndet und hat sich seitdem als zuverl\u00e4ssiger IT-Partner f\u00fcr Unternehmen und Privatkunden etabliert. Als kleines, hochspezialisiertes Team verbinden wir pers\u00f6nliche Betreuung mit tiefgehendem Fachwissen und langj\u00e4hriger Erfahrung. Unsere Mitarbeiter verf\u00fcgen \u00fcber zahlreiche internationale Zertifizierungen \u2013 darunter CISSP, CEH, Microsoft, Cisco und Linux \u2013 und bringen ihr fundiertes Know-how t\u00e4glich in+ Read More\" \/>\n<meta property=\"og:url\" content=\"https:\/\/norbedo.de\/wordpress\/index.php\/rtl-tested\/\" \/>\n<meta property=\"og:site_name\" content=\"Norbedo GmbH\" \/>\n<meta property=\"article:modified_time\" content=\"2025-09-07T17:42:04+00:00\" \/>\n<meta property=\"og:image\" content=\"https:\/\/norbedo.de\/wordpress\/wp-content\/uploads\/2025\/09\/ueberuns2.png\" \/>\n\t<meta property=\"og:image:width\" content=\"1536\" \/>\n\t<meta property=\"og:image:height\" content=\"1024\" \/>\n\t<meta property=\"og:image:type\" content=\"image\/png\" \/>\n<meta name=\"twitter:card\" content=\"summary_large_image\" \/>\n<meta name=\"twitter:label1\" content=\"Gesch\u00e4tzte Lesezeit\" \/>\n\t<meta name=\"twitter:data1\" content=\"2\u00a0Minuten\" \/>\n<script type=\"application\/ld+json\" class=\"yoast-schema-graph\">{\"@context\":\"https:\/\/schema.org\",\"@graph\":[{\"@type\":\"WebPage\",\"@id\":\"https:\/\/norbedo.de\/wordpress\/index.php\/rtl-tested\/\",\"url\":\"https:\/\/norbedo.de\/wordpress\/index.php\/rtl-tested\/\",\"name\":\"\u00dcber Uns - Norbedo GmbH\",\"isPartOf\":{\"@id\":\"https:\/\/norbedo.de\/wordpress\/#website\"},\"primaryImageOfPage\":{\"@id\":\"https:\/\/norbedo.de\/wordpress\/index.php\/rtl-tested\/#primaryimage\"},\"image\":{\"@id\":\"https:\/\/norbedo.de\/wordpress\/index.php\/rtl-tested\/#primaryimage\"},\"thumbnailUrl\":\"https:\/\/norbedo.de\/wp-content\/uploads\/2025\/09\/ueberuns2.png\",\"datePublished\":\"2024-04-26T08:28:17+00:00\",\"dateModified\":\"2025-09-07T17:42:04+00:00\",\"breadcrumb\":{\"@id\":\"https:\/\/norbedo.de\/wordpress\/index.php\/rtl-tested\/#breadcrumb\"},\"inLanguage\":\"de\",\"potentialAction\":[{\"@type\":\"ReadAction\",\"target\":[\"https:\/\/norbedo.de\/wordpress\/index.php\/rtl-tested\/\"]}]},{\"@type\":\"ImageObject\",\"inLanguage\":\"de\",\"@id\":\"https:\/\/norbedo.de\/wordpress\/index.php\/rtl-tested\/#primaryimage\",\"url\":\"https:\/\/norbedo.de\/wp-content\/uploads\/2025\/09\/ueberuns2.png\",\"contentUrl\":\"https:\/\/norbedo.de\/wp-content\/uploads\/2025\/09\/ueberuns2.png\",\"width\":1536,\"height\":1024},{\"@type\":\"BreadcrumbList\",\"@id\":\"https:\/\/norbedo.de\/wordpress\/index.php\/rtl-tested\/#breadcrumb\",\"itemListElement\":[{\"@type\":\"ListItem\",\"position\":1,\"name\":\"Startseite\",\"item\":\"https:\/\/norbedo.de\/wordpress\/\"},{\"@type\":\"ListItem\",\"position\":2,\"name\":\"\u00dcber Uns\"}]},{\"@type\":\"WebSite\",\"@id\":\"https:\/\/norbedo.de\/wordpress\/#website\",\"url\":\"https:\/\/norbedo.de\/wordpress\/\",\"name\":\"Norbedo GmbH\",\"description\":\"\",\"publisher\":{\"@id\":\"https:\/\/norbedo.de\/wordpress\/#organization\"},\"potentialAction\":[{\"@type\":\"SearchAction\",\"target\":{\"@type\":\"EntryPoint\",\"urlTemplate\":\"https:\/\/norbedo.de\/wordpress\/?s={search_term_string}\"},\"query-input\":{\"@type\":\"PropertyValueSpecification\",\"valueRequired\":true,\"valueName\":\"search_term_string\"}}],\"inLanguage\":\"de\"},{\"@type\":\"Organization\",\"@id\":\"https:\/\/norbedo.de\/wordpress\/#organization\",\"name\":\"Norbedo GmbH\",\"url\":\"https:\/\/norbedo.de\/wordpress\/\",\"logo\":{\"@type\":\"ImageObject\",\"inLanguage\":\"de\",\"@id\":\"https:\/\/norbedo.de\/wordpress\/#\/schema\/logo\/image\/\",\"url\":\"https:\/\/norbedo.de\/wp-content\/uploads\/2025\/09\/cropped-Design-ohne-Titel.jpg\",\"contentUrl\":\"https:\/\/norbedo.de\/wp-content\/uploads\/2025\/09\/cropped-Design-ohne-Titel.jpg\",\"width\":125,\"height\":47,\"caption\":\"Norbedo GmbH\"},\"image\":{\"@id\":\"https:\/\/norbedo.de\/wordpress\/#\/schema\/logo\/image\/\"}}]}<\/script>\n<!-- \/ Yoast SEO plugin. -->","yoast_head_json":{"title":"\u00dcber Uns - Norbedo GmbH","robots":{"index":"index","follow":"follow","max-snippet":"max-snippet:-1","max-image-preview":"max-image-preview:large","max-video-preview":"max-video-preview:-1"},"canonical":"https:\/\/norbedo.de\/wordpress\/index.php\/rtl-tested\/","og_locale":"de_DE","og_type":"article","og_title":"\u00dcber Uns - Norbedo GmbH","og_description":"Die Norbedo GmbH wurde 1992 gegr\u00fcndet und hat sich seitdem als zuverl\u00e4ssiger IT-Partner f\u00fcr Unternehmen und Privatkunden etabliert. Als kleines, hochspezialisiertes Team verbinden wir pers\u00f6nliche Betreuung mit tiefgehendem Fachwissen und langj\u00e4hriger Erfahrung. Unsere Mitarbeiter verf\u00fcgen \u00fcber zahlreiche internationale Zertifizierungen \u2013 darunter CISSP, CEH, Microsoft, Cisco und Linux \u2013 und bringen ihr fundiertes Know-how t\u00e4glich in+ Read More","og_url":"https:\/\/norbedo.de\/wordpress\/index.php\/rtl-tested\/","og_site_name":"Norbedo GmbH","article_modified_time":"2025-09-07T17:42:04+00:00","og_image":[{"width":1536,"height":1024,"url":"https:\/\/norbedo.de\/wordpress\/wp-content\/uploads\/2025\/09\/ueberuns2.png","type":"image\/png"}],"twitter_card":"summary_large_image","twitter_misc":{"Gesch\u00e4tzte Lesezeit":"2\u00a0Minuten"},"schema":{"@context":"https:\/\/schema.org","@graph":[{"@type":"WebPage","@id":"https:\/\/norbedo.de\/wordpress\/index.php\/rtl-tested\/","url":"https:\/\/norbedo.de\/wordpress\/index.php\/rtl-tested\/","name":"\u00dcber Uns - Norbedo GmbH","isPartOf":{"@id":"https:\/\/norbedo.de\/wordpress\/#website"},"primaryImageOfPage":{"@id":"https:\/\/norbedo.de\/wordpress\/index.php\/rtl-tested\/#primaryimage"},"image":{"@id":"https:\/\/norbedo.de\/wordpress\/index.php\/rtl-tested\/#primaryimage"},"thumbnailUrl":"https:\/\/norbedo.de\/wp-content\/uploads\/2025\/09\/ueberuns2.png","datePublished":"2024-04-26T08:28:17+00:00","dateModified":"2025-09-07T17:42:04+00:00","breadcrumb":{"@id":"https:\/\/norbedo.de\/wordpress\/index.php\/rtl-tested\/#breadcrumb"},"inLanguage":"de","potentialAction":[{"@type":"ReadAction","target":["https:\/\/norbedo.de\/wordpress\/index.php\/rtl-tested\/"]}]},{"@type":"ImageObject","inLanguage":"de","@id":"https:\/\/norbedo.de\/wordpress\/index.php\/rtl-tested\/#primaryimage","url":"https:\/\/norbedo.de\/wp-content\/uploads\/2025\/09\/ueberuns2.png","contentUrl":"https:\/\/norbedo.de\/wp-content\/uploads\/2025\/09\/ueberuns2.png","width":1536,"height":1024},{"@type":"BreadcrumbList","@id":"https:\/\/norbedo.de\/wordpress\/index.php\/rtl-tested\/#breadcrumb","itemListElement":[{"@type":"ListItem","position":1,"name":"Startseite","item":"https:\/\/norbedo.de\/wordpress\/"},{"@type":"ListItem","position":2,"name":"\u00dcber Uns"}]},{"@type":"WebSite","@id":"https:\/\/norbedo.de\/wordpress\/#website","url":"https:\/\/norbedo.de\/wordpress\/","name":"Norbedo GmbH","description":"","publisher":{"@id":"https:\/\/norbedo.de\/wordpress\/#organization"},"potentialAction":[{"@type":"SearchAction","target":{"@type":"EntryPoint","urlTemplate":"https:\/\/norbedo.de\/wordpress\/?s={search_term_string}"},"query-input":{"@type":"PropertyValueSpecification","valueRequired":true,"valueName":"search_term_string"}}],"inLanguage":"de"},{"@type":"Organization","@id":"https:\/\/norbedo.de\/wordpress\/#organization","name":"Norbedo GmbH","url":"https:\/\/norbedo.de\/wordpress\/","logo":{"@type":"ImageObject","inLanguage":"de","@id":"https:\/\/norbedo.de\/wordpress\/#\/schema\/logo\/image\/","url":"https:\/\/norbedo.de\/wp-content\/uploads\/2025\/09\/cropped-Design-ohne-Titel.jpg","contentUrl":"https:\/\/norbedo.de\/wp-content\/uploads\/2025\/09\/cropped-Design-ohne-Titel.jpg","width":125,"height":47,"caption":"Norbedo GmbH"},"image":{"@id":"https:\/\/norbedo.de\/wordpress\/#\/schema\/logo\/image\/"}}]}},"jetpack_sharing_enabled":true,"_links":{"self":[{"href":"https:\/\/norbedo.de\/index.php\/wp-json\/wp\/v2\/pages\/129","targetHints":{"allow":["GET"]}}],"collection":[{"href":"https:\/\/norbedo.de\/index.php\/wp-json\/wp\/v2\/pages"}],"about":[{"href":"https:\/\/norbedo.de\/index.php\/wp-json\/wp\/v2\/types\/page"}],"author":[{"embeddable":true,"href":"https:\/\/norbedo.de\/index.php\/wp-json\/wp\/v2\/users\/1"}],"replies":[{"embeddable":true,"href":"https:\/\/norbedo.de\/index.php\/wp-json\/wp\/v2\/comments?post=129"}],"version-history":[{"count":3,"href":"https:\/\/norbedo.de\/index.php\/wp-json\/wp\/v2\/pages\/129\/revisions"}],"predecessor-version":[{"id":297,"href":"https:\/\/norbedo.de\/index.php\/wp-json\/wp\/v2\/pages\/129\/revisions\/297"}],"wp:featuredmedia":[{"embeddable":true,"href":"https:\/\/norbedo.de\/index.php\/wp-json\/wp\/v2\/media\/364"}],"wp:attachment":[{"href":"https:\/\/norbedo.de\/index.php\/wp-json\/wp\/v2\/media?parent=129"}],"curies":[{"name":"wp","href":"https:\/\/api.w.org\/{rel}","templated":true}]}}